{"id":44,"date":"2022-06-17T13:24:39","date_gmt":"2022-06-17T16:24:39","guid":{"rendered":"https:\/\/arunna.com.br\/cadastro\/?post_type=product&#038;p=44"},"modified":"2022-08-01T07:20:16","modified_gmt":"2022-08-01T10:20:16","slug":"creme-corporal-argila","status":"publish","type":"product","link":"https:\/\/arunna.com.br\/cadastro\/produto\/creme-corporal-argila\/","title":{"rendered":"Creme Hidratante Corporal com FPS 15 &#8211; Argila"},"content":{"rendered":"<p>Combina\u00e7\u00e3o de argila, \u00f3leos de semente de uva e oliva. Fazem a f\u00f3rmula perfeita para uma pele macia e hidratada durante todo o dia!<\/p>\n<p>Ativos: \u00d3leo de semente de uva, \u00d3leo de Uva. Volumetria: 200ml<\/p>\n","protected":false},"excerpt":{"rendered":"<p><\/p>\n","protected":false},"featured_media":744,"template":"","meta":{"_joinchat":[]},"product_cat":[21,20],"product_tag":[],"_links":{"self":[{"href":"https:\/\/arunna.com.br\/cadastro\/wp-json\/wp\/v2\/product\/44"}],"collection":[{"href":"https:\/\/arunna.com.br\/cadastro\/wp-json\/wp\/v2\/product"}],"about":[{"href":"https:\/\/arunna.com.br\/cadastro\/wp-json\/wp\/v2\/types\/product"}],"wp:featuredmedia":[{"embeddable":true,"href":"https:\/\/arunna.com.br\/cadastro\/wp-json\/wp\/v2\/media\/744"}],"wp:attachment":[{"href":"https:\/\/arunna.com.br\/cadastro\/wp-json\/wp\/v2\/media?parent=44"}],"wp:term":[{"taxonomy":"product_cat","embeddable":true,"href":"https:\/\/arunna.com.br\/cadastro\/wp-json\/wp\/v2\/product_cat?post=44"},{"taxonomy":"product_tag","embeddable":true,"href":"https:\/\/arunna.com.br\/cadastro\/wp-json\/wp\/v2\/product_tag?post=44"}],"curies":[{"name":"wp","href":"https:\/\/api.w.org\/{rel}","templated":true}]}}