{"id":42,"date":"2022-06-17T13:19:16","date_gmt":"2022-06-17T16:19:16","guid":{"rendered":"https:\/\/arunna.com.br\/cadastro\/?post_type=product&#038;p=42"},"modified":"2022-08-01T07:20:53","modified_gmt":"2022-08-01T10:20:53","slug":"creme-hidratante-facial-argila","status":"publish","type":"product","link":"https:\/\/arunna.com.br\/cadastro\/produto\/creme-hidratante-facial-argila\/","title":{"rendered":"Creme Hidratante Facial com FPS 15 &#8211; Argila"},"content":{"rendered":"<p>Com a\u00e7\u00e3o inovadora para seu rosto, o creme facial ARGILA estimula a renova\u00e7\u00e3o da pele removendo impurezase c\u00e9lulas mortas.<\/p>\n<p>Indicado para todos os tipos de pele. Ativos: \u00d3leo de semente de uva, \u00d3leo de Uva. Volumetria: 60g<\/p>\n","protected":false},"excerpt":{"rendered":"<p><\/p>\n","protected":false},"featured_media":745,"template":"","meta":{"_joinchat":[]},"product_cat":[21,20],"product_tag":[],"_links":{"self":[{"href":"https:\/\/arunna.com.br\/cadastro\/wp-json\/wp\/v2\/product\/42"}],"collection":[{"href":"https:\/\/arunna.com.br\/cadastro\/wp-json\/wp\/v2\/product"}],"about":[{"href":"https:\/\/arunna.com.br\/cadastro\/wp-json\/wp\/v2\/types\/product"}],"wp:featuredmedia":[{"embeddable":true,"href":"https:\/\/arunna.com.br\/cadastro\/wp-json\/wp\/v2\/media\/745"}],"wp:attachment":[{"href":"https:\/\/arunna.com.br\/cadastro\/wp-json\/wp\/v2\/media?parent=42"}],"wp:term":[{"taxonomy":"product_cat","embeddable":true,"href":"https:\/\/arunna.com.br\/cadastro\/wp-json\/wp\/v2\/product_cat?post=42"},{"taxonomy":"product_tag","embeddable":true,"href":"https:\/\/arunna.com.br\/cadastro\/wp-json\/wp\/v2\/product_tag?post=42"}],"curies":[{"name":"wp","href":"https:\/\/api.w.org\/{rel}","templated":true}]}}