{"id":39,"date":"2022-06-17T13:11:02","date_gmt":"2022-06-17T16:11:02","guid":{"rendered":"https:\/\/arunna.com.br\/cadastro\/?post_type=product&#038;p=39"},"modified":"2022-08-01T07:21:43","modified_gmt":"2022-08-01T10:21:43","slug":"creme-hidratante-para-as-maos-argila","status":"publish","type":"product","link":"https:\/\/arunna.com.br\/cadastro\/produto\/creme-hidratante-para-as-maos-argila\/","title":{"rendered":"Creme Hidratante Para M\u00e3os &#8211; Argila"},"content":{"rendered":"<p>Com uma a\u00e7\u00e3o prolongada, o hidratante para as m\u00e3os alivia a pele seca e irritada deixando-a macia e bem hidratada.<\/p>\n<p>Ativos: \u00d3leo de Oliva e Silicones. Volumetria: 80g<\/p>\n","protected":false},"excerpt":{"rendered":"<p><\/p>\n","protected":false},"featured_media":746,"template":"","meta":{"_joinchat":[]},"product_cat":[21,20],"product_tag":[],"_links":{"self":[{"href":"https:\/\/arunna.com.br\/cadastro\/wp-json\/wp\/v2\/product\/39"}],"collection":[{"href":"https:\/\/arunna.com.br\/cadastro\/wp-json\/wp\/v2\/product"}],"about":[{"href":"https:\/\/arunna.com.br\/cadastro\/wp-json\/wp\/v2\/types\/product"}],"wp:featuredmedia":[{"embeddable":true,"href":"https:\/\/arunna.com.br\/cadastro\/wp-json\/wp\/v2\/media\/746"}],"wp:attachment":[{"href":"https:\/\/arunna.com.br\/cadastro\/wp-json\/wp\/v2\/media?parent=39"}],"wp:term":[{"taxonomy":"product_cat","embeddable":true,"href":"https:\/\/arunna.com.br\/cadastro\/wp-json\/wp\/v2\/product_cat?post=39"},{"taxonomy":"product_tag","embeddable":true,"href":"https:\/\/arunna.com.br\/cadastro\/wp-json\/wp\/v2\/product_tag?post=39"}],"curies":[{"name":"wp","href":"https:\/\/api.w.org\/{rel}","templated":true}]}}