{"id":330,"date":"2022-06-29T14:39:14","date_gmt":"2022-06-29T17:39:14","guid":{"rendered":"https:\/\/arunna.com.br\/cadastro\/?page_id=330"},"modified":"2022-07-25T11:15:16","modified_gmt":"2022-07-25T14:15:16","slug":"institucional","status":"publish","type":"page","link":"https:\/\/arunna.com.br\/cadastro\/institucional\/","title":{"rendered":"Institucional"},"content":{"rendered":"\t\t<div data-elementor-type=\"wp-page\" data-elementor-id=\"330\" class=\"elementor elementor-330\">\n\t\t\t\t\t\t\t<div class=\"elementor-element elementor-element-41bf98ac e-container--column e-container\" data-id=\"41bf98ac\" data-element_type=\"container\" data-settings=\"{&quot;background_background&quot;:&quot;classic&quot;}\">\t\t<div class=\"elementor-element elementor-element-580f4fc2 e-container--column e-container\" data-id=\"580f4fc2\" data-element_type=\"container\">\t\t\t\t<div class=\"elementor-element elementor-element-3708399 elementor-widget elementor-widget-heading\" data-id=\"3708399\" data-element_type=\"widget\" data-widget_type=\"heading.default\">\n\t\t\t\t<div class=\"elementor-widget-container\">\n\t\t\t<style>\/*! elementor - v3.6.4 - 13-04-2022 *\/\n.elementor-heading-title{padding:0;margin:0;line-height:1}.elementor-widget-heading .elementor-heading-title[class*=elementor-size-]>a{color:inherit;font-size:inherit;line-height:inherit}.elementor-widget-heading .elementor-heading-title.elementor-size-small{font-size:15px}.elementor-widget-heading .elementor-heading-title.elementor-size-medium{font-size:19px}.elementor-widget-heading .elementor-heading-title.elementor-size-large{font-size:29px}.elementor-widget-heading .elementor-heading-title.elementor-size-xl{font-size:39px}.elementor-widget-heading .elementor-heading-title.elementor-size-xxl{font-size:59px}<\/style><h2 class=\"elementor-heading-title elementor-size-large\">Institucional Arunna<\/h2>\t\t<\/div>\n\t\t\t\t<\/div>\n\t\t<\/div><\/div><div class=\"elementor-element elementor-element-8c16ddd e-container--column e-container\" data-id=\"8c16ddd\" data-element_type=\"container\" data-settings=\"{&quot;background_background&quot;:&quot;classic&quot;}\">\t\t\t\t<div class=\"elementor-element elementor-element-c4ced1f elementor-widget elementor-widget-spacer\" data-id=\"c4ced1f\" data-element_type=\"widget\" data-widget_type=\"spacer.default\">\n\t\t\t\t<div class=\"elementor-widget-container\">\n\t\t\t<style>\/*! elementor - v3.6.4 - 13-04-2022 *\/\n.e-container.e-container--row .elementor-spacer-inner{width:var(--spacer-size)}.e-container.e-container--column .elementor-spacer-inner,.elementor-column .elementor-spacer-inner{height:var(--spacer-size)}<\/style>\t\t<div class=\"elementor-spacer\">\n\t\t\t<div class=\"elementor-spacer-inner\"><\/div>\n\t\t<\/div>\n\t\t\t\t<\/div>\n\t\t\t\t<\/div>\n\t\t\t\t<div class=\"elementor-element elementor-element-356880e elementor-widget elementor-widget-text-editor\" data-id=\"356880e\" data-element_type=\"widget\" data-widget_type=\"text-editor.default\">\n\t\t\t\t<div class=\"elementor-widget-container\">\n\t\t\t<style>\/*! elementor - v3.6.4 - 13-04-2022 *\/\n.elementor-widget-text-editor.elementor-drop-cap-view-stacked .elementor-drop-cap{background-color:#818a91;color:#fff}.elementor-widget-text-editor.elementor-drop-cap-view-framed .elementor-drop-cap{color:#818a91;border:3px solid;background-color:transparent}.elementor-widget-text-editor:not(.elementor-drop-cap-view-default) .elementor-drop-cap{margin-top:8px}.elementor-widget-text-editor:not(.elementor-drop-cap-view-default) .elementor-drop-cap-letter{width:1em;height:1em}.elementor-widget-text-editor .elementor-drop-cap{float:left;text-align:center;line-height:1;font-size:50px}.elementor-widget-text-editor .elementor-drop-cap-letter{display:inline-block}<\/style>\t\t\t\t<h3><strong><span style=\"color: #008080;\"><span style=\"vertical-align: inherit;\"><span style=\"vertical-align: inherit;\"><img decoding=\"async\" loading=\"lazy\" src=\"https:\/\/arunna.com.br\/cadastro\/wp-content\/uploads\/2022\/06\/favicon-png.png\" alt=\"\" width=\"41\" height=\"24\" \/><span style=\"vertical-align: inherit;\"><span style=\"vertical-align: inherit;\">\u00a0Quem Somos<\/span><\/span><\/span><\/span><\/span><\/strong><\/h3><p><span style=\"vertical-align: inherit; color: #333333;\"><span style=\"vertical-align: inherit;\"><span style=\"vertical-align: inherit;\"><span style=\"vertical-align: inherit;\"><span style=\"vertical-align: inherit;\"><span style=\"vertical-align: inherit;\">Quando surgiu a ideia, e de imediato o desejo em lan\u00e7ar um projeto, que levasse ao povo brasileiro, uma forma diferente de fazer a distribui\u00e7\u00e3o de produtos,\u00a0 juntamente com uma forma remunerada, que proporcionasse uma renda a qual\u00a0 agradassem\u00a0 aos desejos, e que levassem\u00a0 nossos consultores \u00e0 satisfa\u00e7\u00e3o de ver sua vida financeira melhorar, nasceu a Arunna. Nossa miss\u00e3o \u00e9 ser \u201ca empresa n\u00famero um, em distribui\u00e7\u00e3o de produtos de necessidades, levar qualidade de vida, realizar sonhos e esperan\u00e7a, como tamb\u00e9m, proporcionar aos nossos consultores, uma mudan\u00e7a na vida financeira.&#8221;<\/span><\/span><\/span><\/span><\/span><\/span><\/p><p><span style=\"vertical-align: inherit; color: #333333;\"><span style=\"vertical-align: inherit;\"><span style=\"vertical-align: inherit;\"><span style=\"vertical-align: inherit;\"><span style=\"vertical-align: inherit;\"><span style=\"vertical-align: inherit;\">Arunna \u00e9 uma empresa dedicada aos nossos Consultores , independentes e clientes. Nossas a\u00e7\u00f5es, objetivos, projetos e programas come\u00e7am e terminam com o consultor em primeiro lugar, ou seja, o nosso ponto de partida \u00e9 a satisfa\u00e7\u00e3o em realizar sonhos concretos. Quando\u00a0 deparamos com algo que realmente funciona para os nossos representantes,\u00a0 nos dedicamos ainda mais, com a esperan\u00e7a de fazer mais sucesso.<\/span><\/span><\/span><\/span><\/span><\/span><\/p><p><span style=\"vertical-align: inherit; color: #333333;\"><span style=\"vertical-align: inherit;\"><span style=\"vertical-align: inherit;\"><span style=\"vertical-align: inherit;\"><span style=\"vertical-align: inherit;\"><span style=\"vertical-align: inherit;\">Voc\u00ea vai se acostumar a ouvir que na Arunna \u00e9 sempre o \u201cDia 1\u00ba\u201d. O que queremos dizer com isso? A nossa abordagem permanece a mesma desde o primeiro dia da Arunna: tomar decis\u00f5es inteligentes e r\u00e1pidas, agir com precis\u00e3o, inovar e inventar, e manter o foco na satisfa\u00e7\u00e3o dos consultores.<\/span><\/span><\/span><\/span><\/span><\/span><\/p><h4><strong><span style=\"color: #008080;\"><span style=\"vertical-align: inherit;\"><img decoding=\"async\" loading=\"lazy\" src=\"https:\/\/arunna.com.br\/cadastro\/wp-content\/uploads\/2022\/06\/favicon-png.png\" alt=\"\" width=\"34\" height=\"20\" \/> <\/span><\/span><\/strong><span style=\"color: #008080;\"><strong><span style=\"vertical-align: inherit;\"><span style=\"vertical-align: inherit;\">Miss\u00e3o:<\/span><\/span><\/strong><\/span><\/h4><p><span style=\"color: #333333;\"><span style=\"vertical-align: inherit;\"><span style=\"vertical-align: inherit;\">Ser <span style=\"vertical-align: inherit; color: #333333;\">a empresa n\u00famero um, em distribui\u00e7\u00e3o de produtos de necessidades, levar qualidade de vida, realizar sonhos e esperan\u00e7a, como tamb\u00e9m, proporcionar aos nossos consultores, uma mudan\u00e7a na vida financeira.<\/span><\/span><\/span><\/span><\/p><h4><strong><span style=\"color: #008080;\"><span style=\"vertical-align: inherit;\"><img decoding=\"async\" loading=\"lazy\" src=\"https:\/\/arunna.com.br\/cadastro\/wp-content\/uploads\/2022\/06\/favicon-png.png\" alt=\"\" width=\"34\" height=\"20\" \/>\u00a0<\/span><\/span><\/strong><span style=\"color: #008080;\"><strong><span style=\"vertical-align: inherit;\"><span style=\"vertical-align: inherit;\"><span style=\"vertical-align: inherit;\"><span style=\"vertical-align: inherit;\">Vis\u00e3o:<\/span><\/span><\/span><\/span><\/strong><\/span><\/h4><p><span style=\"vertical-align: inherit; color: #333333;\"><span style=\"vertical-align: inherit;\"><span style=\"vertical-align: inherit;\"><span style=\"vertical-align: inherit;\">Alcan\u00e7ar as pessoas com os produtos da Arunna em todo territ\u00f3rio brasileiro, e ganhar o mundo.<\/span><\/span><\/span><\/span><\/p><h4><strong><span style=\"color: #008080;\"><span style=\"vertical-align: inherit;\"><img decoding=\"async\" loading=\"lazy\" src=\"https:\/\/arunna.com.br\/cadastro\/wp-content\/uploads\/2022\/06\/favicon-png.png\" alt=\"\" width=\"34\" height=\"20\" \/>\u00a0<\/span><\/span><\/strong><span style=\"color: #008080;\"><strong><span style=\"vertical-align: inherit;\"><span style=\"vertical-align: inherit;\"><span style=\"vertical-align: inherit;\"><span style=\"vertical-align: inherit;\">Valores:<\/span><\/span><\/span><\/span><\/strong><\/span><\/h4><p><span style=\"vertical-align: inherit; color: #333333;\"><span style=\"vertical-align: inherit;\"><span style=\"vertical-align: inherit;\"><span style=\"vertical-align: inherit;\">Teremos a responsabilidade, de manter a qualidade e seguran\u00e7a dos produtos, respeito acima de tudo, trabalhando sempre com \u00e9tica e honestidade. Tendo a F\u00e9 em Deus, que todos que chegarem at\u00e9 a Arunna, ter\u00e1 uma mudan\u00e7a na vida familiar, financeira, e principalmente, na vida espiritual, se sentindo amado(a), acolhido(a) e sobretudo valorizado(a).<\/span><\/span><\/span><\/span><\/p>\t\t\t\t\t\t<\/div>\n\t\t\t\t<\/div>\n\t\t<\/div><div class=\"elementor-element elementor-element-14f87f0 e-container--row e-container\" data-id=\"14f87f0\" data-element_type=\"container\" data-settings=\"{&quot;background_background&quot;:&quot;gradient&quot;}\">\t\t<div class=\"elementor-element elementor-element-ea66b04 e-container--column e-container\" data-id=\"ea66b04\" data-element_type=\"container\">\t\t\t\t<div class=\"elementor-element elementor-element-edc801e elementor-widget elementor-widget-spacer\" data-id=\"edc801e\" data-element_type=\"widget\" data-widget_type=\"spacer.default\">\n\t\t\t\t<div class=\"elementor-widget-container\">\n\t\t\t\t\t<div class=\"elementor-spacer\">\n\t\t\t<div class=\"elementor-spacer-inner\"><\/div>\n\t\t<\/div>\n\t\t\t\t<\/div>\n\t\t\t\t<\/div>\n\t\t\t\t<div class=\"elementor-element elementor-element-bb9f9cc elementor-widget elementor-widget-heading\" data-id=\"bb9f9cc\" data-element_type=\"widget\" data-widget_type=\"heading.default\">\n\t\t\t\t<div class=\"elementor-widget-container\">\n\t\t\t<h1 class=\"elementor-heading-title elementor-size-xl\">OPORTUNIDADE DE\nNEG\u00d3CIO<\/h1>\t\t<\/div>\n\t\t\t\t<\/div>\n\t\t\t\t<div class=\"elementor-element elementor-element-95b4cd5 elementor-widget elementor-widget-text-editor\" data-id=\"95b4cd5\" data-element_type=\"widget\" data-widget_type=\"text-editor.default\">\n\t\t\t\t<div class=\"elementor-widget-container\">\n\t\t\t\t\t\t\t<p><span style=\"vertical-align: inherit;\"><span style=\"vertical-align: inherit;\"><span style=\"vertical-align: inherit;\"><span style=\"vertical-align: inherit;\"><span style=\"vertical-align: inherit;\"><span style=\"vertical-align: inherit;\"><span style=\"vertical-align: inherit;\"><span style=\"vertical-align: inherit;\">Estaremos lan\u00e7ando nosso Marketing Multin\u00edvel com produtos de primeir\u00edssima qualidade. Voc\u00ea poder\u00e1 montar sua\u00a0 <\/span><\/span><\/span><\/span><\/span><\/span><\/span><\/span><strong><span style=\"vertical-align: inherit;\"><span style=\"vertical-align: inherit;\"><span style=\"vertical-align: inherit;\"><span style=\"vertical-align: inherit;\"><span style=\"vertical-align: inherit;\"><span style=\"vertical-align: inherit;\"><span style=\"vertical-align: inherit;\"><span style=\"vertical-align: inherit;\">pr\u00f3pria rede de <span style=\"vertical-align: inherit; color: #333333;\">Consultores<\/span><\/span><\/span><\/span><\/span><\/span><\/span><\/span><\/span><\/strong><span style=\"vertical-align: inherit;\"><span style=\"vertical-align: inherit;\"><span style=\"vertical-align: inherit;\"><span style=\"vertical-align: inherit;\"><span style=\"vertical-align: inherit;\"><span style=\"vertical-align: inherit;\"><span style=\"vertical-align: inherit;\"><span style=\"vertical-align: inherit;\">, e cadastrar quantas pessoas quiser abaixo de voc\u00ea. O sistema ser\u00e1 <\/span><\/span><\/span><\/span><\/span><\/span><\/span><\/span><strong><u><span style=\"vertical-align: inherit;\"><span style=\"vertical-align: inherit;\"><span style=\"vertical-align: inherit;\"><span style=\"vertical-align: inherit;\"><span style=\"vertical-align: inherit;\"><span style=\"vertical-align: inherit;\"><span style=\"vertical-align: inherit;\"><span style=\"vertical-align: inherit;\">Unilevel<\/span><\/span><\/span><\/span><\/span><\/span><\/span><\/span><\/u><\/strong><span style=\"vertical-align: inherit;\"><span style=\"vertical-align: inherit;\"><span style=\"vertical-align: inherit;\"><span style=\"vertical-align: inherit;\"><span style=\"vertical-align: inherit;\"><span style=\"vertical-align: inherit;\"><span style=\"vertical-align: inherit;\"><span style=\"vertical-align: inherit;\">, sistema robusto, e com v\u00e1rios tipos de ganhos.<\/span><\/span><\/span><\/span><\/span><\/span><\/span><\/span><\/p><p><span style=\"vertical-align: inherit;\"><span style=\"vertical-align: inherit;\"><span style=\"vertical-align: inherit;\"><span style=\"vertical-align: inherit;\"><span style=\"vertical-align: inherit;\"><span style=\"vertical-align: inherit;\"><span style=\"vertical-align: inherit;\"><span style=\"vertical-align: inherit;\">Estamos fazendo o pr\u00e9 cadastro para futuro lan\u00e7amento, e para isso, basta voc\u00ea adquirir dois produtos diferentes e j\u00e1 estar\u00e1 com sua vaga garantida nas primeiras linhas. Saia na frente e garanta j\u00e1 a sua vaga, nesse que ser\u00e1 o melhor plano de bonifica\u00e7\u00e3o j\u00e1 visto na hist\u00f3ria do Brasil.<\/span><\/span><\/span><\/span><\/span><\/span><\/span><\/span><\/p><p><span style=\"vertical-align: inherit;\"><span style=\"vertical-align: inherit;\"><span style=\"vertical-align: inherit;\"><span style=\"vertical-align: inherit;\"><span style=\"vertical-align: inherit;\"><span style=\"vertical-align: inherit;\"><span style=\"vertical-align: inherit;\"><span style=\"vertical-align: inherit;\">Voc\u00ea ter\u00e1 ganhos sensacionais, pr\u00eamios, viagens e muito mais.<\/span><\/span><\/span><\/span><\/span><\/span><\/span><\/span><\/p>\t\t\t\t\t\t<\/div>\n\t\t\t\t<\/div>\n\t\t\t\t<div class=\"elementor-element elementor-element-a7a8732 elementor-widget elementor-widget-button\" data-id=\"a7a8732\" data-element_type=\"widget\" data-widget_type=\"button.default\">\n\t\t\t\t<div class=\"elementor-widget-container\">\n\t\t\t\t\t<div class=\"elementor-button-wrapper\">\n\t\t\t<a href=\"https:\/\/arunna.com.br\/cadastro\/loja\/\" class=\"elementor-button-link elementor-button elementor-size-lg elementor-animation-push\" role=\"button\">\n\t\t\t\t\t\t<span class=\"elementor-button-content-wrapper\">\n\t\t\t\t\t\t\t<span class=\"elementor-button-icon elementor-align-icon-left\">\n\t\t\t\t<i aria-hidden=\"true\" class=\"fas fa-users\"><\/i>\t\t\t<\/span>\n\t\t\t\t\t\t<span class=\"elementor-button-text\">CADASTRE-SE J\u00c1<\/span>\n\t\t<\/span>\n\t\t\t\t\t<\/a>\n\t\t<\/div>\n\t\t\t\t<\/div>\n\t\t\t\t<\/div>\n\t\t<\/div><div class=\"elementor-element elementor-element-705c1c2 e-container--column e-container\" data-id=\"705c1c2\" data-element_type=\"container\">\t\t\t\t<div class=\"elementor-element elementor-element-0018b5a elementor-widget elementor-widget-spacer\" data-id=\"0018b5a\" data-element_type=\"widget\" data-widget_type=\"spacer.default\">\n\t\t\t\t<div class=\"elementor-widget-container\">\n\t\t\t\t\t<div class=\"elementor-spacer\">\n\t\t\t<div class=\"elementor-spacer-inner\"><\/div>\n\t\t<\/div>\n\t\t\t\t<\/div>\n\t\t\t\t<\/div>\n\t\t\t\t<div class=\"elementor-element elementor-element-3bd9685 elementor-widget elementor-widget-image\" data-id=\"3bd9685\" data-element_type=\"widget\" data-widget_type=\"image.default\">\n\t\t\t\t<div class=\"elementor-widget-container\">\n\t\t\t<style>\/*! elementor - v3.6.4 - 13-04-2022 *\/\n.elementor-widget-image{text-align:center}.elementor-widget-image a{display:inline-block}.elementor-widget-image a img[src$=\".svg\"]{width:48px}.elementor-widget-image img{vertical-align:middle;display:inline-block}<\/style>\t\t\t\t\t\t\t\t\t\t\t\t<img decoding=\"async\" width=\"576\" height=\"402\" src=\"https:\/\/arunna.com.br\/cadastro\/wp-content\/uploads\/2022\/06\/aruna-cadastro.jpg\" class=\"attachment-large size-large\" alt=\"\" loading=\"lazy\" srcset=\"https:\/\/arunna.com.br\/cadastro\/wp-content\/uploads\/2022\/06\/aruna-cadastro.jpg 576w, https:\/\/arunna.com.br\/cadastro\/wp-content\/uploads\/2022\/06\/aruna-cadastro-300x209.jpg 300w\" sizes=\"(max-width: 576px) 100vw, 576px\" \/>\t\t\t\t\t\t\t\t\t\t\t\t\t\t\t<\/div>\n\t\t\t\t<\/div>\n\t\t<\/div><\/div>\t\t\t\t\t<\/div>\n\t\t","protected":false},"excerpt":{"rendered":"<p>Institucional Arunna \u00a0Quem Somos Quando surgiu a ideia, e de imediato o desejo em lan\u00e7ar um projeto, que levasse ao povo brasileiro, uma forma diferente de fazer a distribui\u00e7\u00e3o de produtos,\u00a0 juntamente com uma forma remunerada, que proporcionasse uma renda a qual\u00a0 agradassem\u00a0 aos desejos, e que levassem\u00a0 nossos consultores \u00e0 satisfa\u00e7\u00e3o de ver sua [&hellip;]<\/p>\n","protected":false},"author":1,"featured_media":0,"parent":0,"menu_order":0,"comment_status":"closed","ping_status":"closed","template":"","meta":{"_joinchat":[]},"_links":{"self":[{"href":"https:\/\/arunna.com.br\/cadastro\/wp-json\/wp\/v2\/pages\/330"}],"collection":[{"href":"https:\/\/arunna.com.br\/cadastro\/wp-json\/wp\/v2\/pages"}],"about":[{"href":"https:\/\/arunna.com.br\/cadastro\/wp-json\/wp\/v2\/types\/page"}],"author":[{"embeddable":true,"href":"https:\/\/arunna.com.br\/cadastro\/wp-json\/wp\/v2\/users\/1"}],"replies":[{"embeddable":true,"href":"https:\/\/arunna.com.br\/cadastro\/wp-json\/wp\/v2\/comments?post=330"}],"version-history":[{"count":49,"href":"https:\/\/arunna.com.br\/cadastro\/wp-json\/wp\/v2\/pages\/330\/revisions"}],"predecessor-version":[{"id":814,"href":"https:\/\/arunna.com.br\/cadastro\/wp-json\/wp\/v2\/pages\/330\/revisions\/814"}],"wp:attachment":[{"href":"https:\/\/arunna.com.br\/cadastro\/wp-json\/wp\/v2\/media?parent=330"}],"curies":[{"name":"wp","href":"https:\/\/api.w.org\/{rel}","templated":true}]}}